{"id":81,"date":"2020-09-25T15:36:17","date_gmt":"2020-09-25T18:36:17","guid":{"rendered":"http:\/\/victorxavier.com.br\/?page_id=81"},"modified":"2021-11-05T15:42:51","modified_gmt":"2021-11-05T18:42:51","slug":"inicio","status":"publish","type":"page","link":"https:\/\/victorxavier.com.br\/","title":{"rendered":"In\u00edcio"},"content":{"rendered":"\n<h2>Educa\u00e7\u00e3o financeira: Um caminho para a liberdade!<\/h2>\n\n\n\n<p>Voc\u00ea j\u00e1 parou para pensar porque n\u00e3o consegue se organizar em suas finan\u00e7as? Quantos objetivos e sonhos j\u00e1 teve de abrir m\u00e3o por estar sempre preocupado(a) com as suas contas ou d\u00edvidas? Conhe\u00e7a a educa\u00e7\u00e3o financeira e perceba como ela pode ajudar voc\u00ea a ter uma vida mais tranquila.<\/p>\n","protected":false},"excerpt":{"rendered":"<p>Educa\u00e7\u00e3o financeira: Um caminho para a liberdade! Voc\u00ea j\u00e1 parou para pensar porque n\u00e3o consegue se organizar em suas finan\u00e7as? Quantos objetivos e sonhos j\u00e1 teve de abrir m\u00e3o por estar sempre preocupado(a) com as suas contas ou d\u00edvidas? Conhe\u00e7a &hellip; <\/p>\n","protected":false},"author":1,"featured_media":326,"parent":0,"menu_order":0,"comment_status":"closed","ping_status":"closed","template":"","meta":[],"_links":{"self":[{"href":"https:\/\/victorxavier.com.br\/index.php?rest_route=\/wp\/v2\/pages\/81"}],"collection":[{"href":"https:\/\/victorxavier.com.br\/index.php?rest_route=\/wp\/v2\/pages"}],"about":[{"href":"https:\/\/victorxavier.com.br\/index.php?rest_route=\/wp\/v2\/types\/page"}],"author":[{"embeddable":true,"href":"https:\/\/victorxavier.com.br\/index.php?rest_route=\/wp\/v2\/users\/1"}],"replies":[{"embeddable":true,"href":"https:\/\/victorxavier.com.br\/index.php?rest_route=%2Fwp%2Fv2%2Fcomments&post=81"}],"version-history":[{"count":2,"href":"https:\/\/victorxavier.com.br\/index.php?rest_route=\/wp\/v2\/pages\/81\/revisions"}],"predecessor-version":[{"id":188,"href":"https:\/\/victorxavier.com.br\/index.php?rest_route=\/wp\/v2\/pages\/81\/revisions\/188"}],"wp:featuredmedia":[{"embeddable":true,"href":"https:\/\/victorxavier.com.br\/index.php?rest_route=\/wp\/v2\/media\/326"}],"wp:attachment":[{"href":"https:\/\/victorxavier.com.br\/index.php?rest_route=%2Fwp%2Fv2%2Fmedia&parent=81"}],"curies":[{"name":"wp","href":"https:\/\/api.w.org\/{rel}","templated":true}]}}