{"id":54,"date":"2020-09-25T15:36:16","date_gmt":"2020-09-25T18:36:16","guid":{"rendered":"http:\/\/victorxavier.com.br\/?page_id=54"},"modified":"2020-10-13T12:04:33","modified_gmt":"2020-10-13T15:04:33","slug":"sobre","status":"publish","type":"page","link":"https:\/\/victorxavier.com.br\/?page_id=54","title":{"rendered":"Sobre"},"content":{"rendered":"\n<p>Victor Xavier \u00e9 educador financeiro, palestrante, autor de livros e advogado especialista em direito previdenci\u00e1rio. Possui certifica\u00e7\u00e3o CPA-10 pela Anbima &#8211; Associa\u00e7\u00e3o Brasileira das Entidades dos Mercados Financeiro e de Capitais. <\/p>\n\n\n\n<p>Desenvolve um trabalho personalizado de consultoria em educa\u00e7\u00e3o financeira, com foco na autonomia do cliente para sua pr\u00f3pria administra\u00e7\u00e3o pessoal de finan\u00e7as, permitindo maior liberdade e planejamento para o futuro.<\/p>\n\n\n\n<p><\/p>\n\n\n\n<p><\/p>\n","protected":false},"excerpt":{"rendered":"<p>Victor Xavier \u00e9 educador financeiro, palestrante, autor de livros e advogado especialista em direito previdenci\u00e1rio. Possui certifica\u00e7\u00e3o CPA-10 pela Anbima &#8211; Associa\u00e7\u00e3o Brasileira das Entidades dos Mercados Financeiro e de Capitais. Desenvolve um trabalho personalizado de consultoria em educa\u00e7\u00e3o financeira, &hellip; <\/p>\n","protected":false},"author":1,"featured_media":0,"parent":0,"menu_order":0,"comment_status":"closed","ping_status":"closed","template":"","meta":[],"_links":{"self":[{"href":"https:\/\/victorxavier.com.br\/index.php?rest_route=\/wp\/v2\/pages\/54"}],"collection":[{"href":"https:\/\/victorxavier.com.br\/index.php?rest_route=\/wp\/v2\/pages"}],"about":[{"href":"https:\/\/victorxavier.com.br\/index.php?rest_route=\/wp\/v2\/types\/page"}],"author":[{"embeddable":true,"href":"https:\/\/victorxavier.com.br\/index.php?rest_route=\/wp\/v2\/users\/1"}],"replies":[{"embeddable":true,"href":"https:\/\/victorxavier.com.br\/index.php?rest_route=%2Fwp%2Fv2%2Fcomments&post=54"}],"version-history":[{"count":6,"href":"https:\/\/victorxavier.com.br\/index.php?rest_route=\/wp\/v2\/pages\/54\/revisions"}],"predecessor-version":[{"id":258,"href":"https:\/\/victorxavier.com.br\/index.php?rest_route=\/wp\/v2\/pages\/54\/revisions\/258"}],"wp:attachment":[{"href":"https:\/\/victorxavier.com.br\/index.php?rest_route=%2Fwp%2Fv2%2Fmedia&parent=54"}],"curies":[{"name":"wp","href":"https:\/\/api.w.org\/{rel}","templated":true}]}}