{"id":241,"date":"2020-09-28T16:19:08","date_gmt":"2020-09-28T19:19:08","guid":{"rendered":"http:\/\/victorxavier.com.br\/?page_id=241"},"modified":"2021-11-05T13:12:24","modified_gmt":"2021-11-05T16:12:24","slug":"servicos","status":"publish","type":"page","link":"https:\/\/victorxavier.com.br\/?page_id=241","title":{"rendered":"Servi\u00e7os"},"content":{"rendered":"\n<h2>Consultoria personalizada em educa\u00e7\u00e3o financeira<\/h2>\n\n\n\n<p>Trata-se de um servi\u00e7o personalizado de consultoria em educa\u00e7\u00e3o financeira, no qual o(a) cliente apresenta o seu quadro atual e, juntamente com o educador, definem temas a serem desenvolvidos em reuni\u00f5es presenciais ou virtuais para a recupera\u00e7\u00e3o do controle das finan\u00e7as, visando a melhoria da qualidade de vida, tais como:<\/p>\n\n\n\n<ul type=\"a\"><li>Elabora\u00e7\u00e3o de or\u00e7amento dom\u00e9stico com planilha pessoal<\/li><li>Identifica\u00e7\u00e3o e controle de despesas<\/li><li>Plano de saneamento de d\u00edvidas<\/li><li>Cria\u00e7\u00e3o de reserva de emerg\u00eancia<\/li><li>Revis\u00e3o de padr\u00e3o de consumo e gest\u00e3o de consumo consciente<\/li><li>Conceitos b\u00e1sicos de investimentos<\/li><li>Forma\u00e7\u00e3o de patrim\u00f4nio e cria\u00e7\u00e3o de renda passiva<\/li><li>Plano de a\u00e7\u00e3o para metas financeiras de curto, m\u00e9dio e longo prazo<\/li><\/ul>\n\n\n\n<p>O objetivo da consultoria \u00e9 proporcionar ao\/\u00e0 cliente maior conhecimento sobre a realidade do seu perfil financeiro e as alternativas que possui para modific\u00e1-la, de acordo com as metas definidas para si e\/ou sua fam\u00edlia, adequadas ao seu momento de vida particular. &nbsp;<\/p>\n\n\n\n<h2>Planejamento para Aposentadoria<\/h2>\n\n\n\n<p>Para clientes que estejam pr\u00f3ximos \u00e0 aposentadoria \u2013 ou desejam se preparar com anteced\u00eancia para esse momento \u2013 a consultoria definir\u00e1 em conjunto com o\/a cliente crit\u00e9rios para defini\u00e7\u00e3o do melhor momento para alcan\u00e7ar esse objetivo atrav\u00e9s da simula\u00e7\u00e3o de cen\u00e1rios de rendimentos e despesas, perspectivas patrimoniais para obten\u00e7\u00e3o de renda passiva e orienta\u00e7\u00f5es conservadoras de investimentos na fase de maturidade.<\/p>\n\n\n\n<h2>Palestras e Cursos <em>in company<\/em><\/h2>\n\n\n\n<p>Para as empresas que desejam despertar o conhecimento em educa\u00e7\u00e3o financeira para seus colaboradores, nossa consultoria oferece palestras e cursos de treinamento que podem ser ministrados internamente e com temas variados, tais como:<\/p>\n\n\n\n<ul><li>Planilha de or\u00e7amento pessoal: como dar in\u00edcio \u00e0 sua independ\u00eancia financeira<\/li><li>Import\u00e2ncia da cria\u00e7\u00e3o do patrim\u00f4nio pessoal para gerar renda e obter tranquilidade financeira<\/li><li>Conceitos b\u00e1sicos de investimentos <\/li><li>Evitando d\u00edvidas e melhorando a sua qualidade de vida <\/li><li>Planejamento antecipado para a Aposentadoria: como fazer?<\/li><\/ul>\n\n\n\n<figure class=\"wp-block-image size-large\"><img loading=\"lazy\" width=\"535\" height=\"503\" src=\"https:\/\/victorxavier.com.br\/wp-content\/uploads\/2020\/10\/foto-curso-in-company.png\" alt=\"\" class=\"wp-image-253\" srcset=\"https:\/\/victorxavier.com.br\/wp-content\/uploads\/2020\/10\/foto-curso-in-company.png 535w, https:\/\/victorxavier.com.br\/wp-content\/uploads\/2020\/10\/foto-curso-in-company-300x282.png 300w\" sizes=\"(max-width: 535px) 100vw, 535px\" \/><\/figure>\n\n\n\n<p><\/p>\n","protected":false},"excerpt":{"rendered":"<p>Consultoria personalizada em educa\u00e7\u00e3o financeira Trata-se de um servi\u00e7o personalizado de consultoria em educa\u00e7\u00e3o financeira, no qual o(a) cliente apresenta o seu quadro atual e, juntamente com o educador, definem temas a serem desenvolvidos em reuni\u00f5es presenciais ou virtuais para &hellip; <\/p>\n","protected":false},"author":1,"featured_media":0,"parent":0,"menu_order":0,"comment_status":"closed","ping_status":"closed","template":"","meta":[],"_links":{"self":[{"href":"https:\/\/victorxavier.com.br\/index.php?rest_route=\/wp\/v2\/pages\/241"}],"collection":[{"href":"https:\/\/victorxavier.com.br\/index.php?rest_route=\/wp\/v2\/pages"}],"about":[{"href":"https:\/\/victorxavier.com.br\/index.php?rest_route=\/wp\/v2\/types\/page"}],"author":[{"embeddable":true,"href":"https:\/\/victorxavier.com.br\/index.php?rest_route=\/wp\/v2\/users\/1"}],"replies":[{"embeddable":true,"href":"https:\/\/victorxavier.com.br\/index.php?rest_route=%2Fwp%2Fv2%2Fcomments&post=241"}],"version-history":[{"count":8,"href":"https:\/\/victorxavier.com.br\/index.php?rest_route=\/wp\/v2\/pages\/241\/revisions"}],"predecessor-version":[{"id":302,"href":"https:\/\/victorxavier.com.br\/index.php?rest_route=\/wp\/v2\/pages\/241\/revisions\/302"}],"wp:attachment":[{"href":"https:\/\/victorxavier.com.br\/index.php?rest_route=%2Fwp%2Fv2%2Fmedia&parent=241"}],"curies":[{"name":"wp","href":"https:\/\/api.w.org\/{rel}","templated":true}]}}